{"id":7,"date":"2019-10-31T10:03:13","date_gmt":"2019-10-31T09:03:13","guid":{"rendered":"http:\/\/the7.dream-demo.com\/business\/?page_id=7"},"modified":"2024-09-02T10:01:00","modified_gmt":"2024-09-02T08:01:00","slug":"leistungen","status":"publish","type":"page","link":"https:\/\/www.delphinco.com\/?page_id=7","title":{"rendered":"Leistungen"},"content":{"rendered":"<p>[vc_row][vc_column offset=&#8221;vc_hidden-sm vc_hidden-xs&#8221;][vc_raw_html]JTVCcmV2X3NsaWRlciUyMGFsaWFzJTNEJTIydGhlNy1zb2Z0d2FyZS1jb21wYW55LXNsaWRlcjUlMjIlNUQlNUIlMkZyZXZfc2xpZGVyJTVE[\/vc_raw_html][\/vc_column][\/vc_row][vc_row][vc_column offset=&#8221;vc_hidden-lg vc_hidden-md&#8221;][vc_raw_html]JTNDJTIxLS0tLS0tLU5JQ0hUJTIwRU5URkVSTkVOJTIxJTIxJTIxJTIxLS0tLS0tLSUzRSUwQSU1QnJldl9zbGlkZXIlMjBhbGlhcyUzRCUyMnNsaWRlci1zdGFyLW1vYmlsJTIyJTVE[\/vc_raw_html][\/vc_column][\/vc_row][vc_row gap=&#8221;10&#8243; equal_height=&#8221;yes&#8221; css=&#8221;.vc_custom_1582122226687{margin-top: 20px !important;margin-bottom: 20px !important;background-position: center !important;background-repeat: no-repeat !important;background-size: cover !important;}&#8221;][vc_column width=&#8221;1\/2&#8243; css=&#8221;.vc_custom_1582121138709{background-color: #f4f4f4 !important;background-position: center !important;background-repeat: no-repeat !important;background-size: contain !important;}&#8221;]<div id=\"ultimate-heading-610669f32b5504495\" class=\"uvc-heading ult-adjust-bottom-margin ultimate-heading-610669f32b5504495 uvc-4499 \" data-hspacer=\"no_spacer\"  data-halign=\"left\" style=\"text-align:left\"><div class=\"uvc-heading-spacer no_spacer\" style=\"top\"><\/div><div class=\"uvc-main-heading ult-responsive\"  data-ultimate-target='.uvc-heading.ultimate-heading-610669f32b5504495 h2'  data-responsive-json-new='{\"font-size\":\"desktop:30px;tablet:30px;tablet_portrait:26px;mobile_landscape:26px;mobile:26px;\",\"line-height\":\"\"}' ><h2 style=\"font-family:&#039;Roboto&#039;;font-weight:500;color:#183e7a;margin-top:15px;\">Das gro\u00dfe Ganze im Auge behalten<\/h2><\/div><\/div>[vc_empty_space height=&#8221;20&#8243;][vc_column_text el_class=&#8221;text_mobil&#8221;]Die derzeitige Ver\u00e4nderungsgeschwindigkeit kombiniert mit den Herausforderungen der Globalisierung, Digitalisierung und Nachhaltigkeit stellt traditionelle Herangehensweisen, sogar die Relevanz ganzer Branchen in Frage.[\/vc_column_text][vc_column_text el_class=&#8221;text_mobil&#8221;]<\/p>\n<ul class=\"box_padding_2\">\n<li><strong><span style=\"color: #183e7a;\">Unternehmen m\u00fcssen sich neu organisieren,<\/span><\/strong><\/li>\n<li><strong><span style=\"color: #183e7a;\">schnelles Ver\u00e4nderungs- und Anpassungsverm\u00f6gen<br \/>\nbeweisen und<\/span><\/strong><\/li>\n<li><strong><span style=\"color: #183e7a;\">ganzheitlich von \u201eend to end\u201c denken und handeln.<\/span><\/strong><\/li>\n<\/ul>\n<p>[\/vc_column_text][vc_column_text el_class=&#8221;text_mobil&#8221;]Die engere Kopplung zwischen<\/p>\n<ul>\n<li>Management- und Leistungsprozessen<\/li>\n<li>Strategie &amp; Technologieverst\u00e4ndnis<\/li>\n<li>\u201eGlobal denken und lokal agieren\u201c<\/li>\n<\/ul>\n<p>sind der Schl\u00fcssel f\u00fcr das \u00dcberleben und das Wachstum des heutigen Unternehmens.[\/vc_column_text][vc_empty_space height=&#8221;10px&#8221;][\/vc_column][vc_column width=&#8221;1\/2&#8243;][vc_empty_space height=&#8221;10px&#8221;][vc_empty_space height=&#8221;20px&#8221;][vc_single_image image=&#8221;6366&#8243; img_size=&#8221;large&#8221; alignment=&#8221;center&#8221; css_animation=&#8221;none&#8221; image_hovers=&#8221;false&#8221; el_class=&#8221;\/*image*\/&#8221;][\/vc_column][\/vc_row][vc_row css=&#8221;.vc_custom_1580721749631{background-color: #f4f4f4 !important;background-position: center !important;background-repeat: no-repeat !important;background-size: cover !important;}&#8221; el_class=&#8221;box_padding box_padding_2&#8243;][vc_column]<div id=\"ultimate-heading-827269f32b55044cc\" class=\"uvc-heading ult-adjust-bottom-margin ultimate-heading-827269f32b55044cc uvc-7692 \" data-hspacer=\"no_spacer\"  data-halign=\"left\" style=\"text-align:left\"><div class=\"uvc-heading-spacer no_spacer\" style=\"top\"><\/div><div class=\"uvc-main-heading ult-responsive\"  data-ultimate-target='.uvc-heading.ultimate-heading-827269f32b55044cc h2'  data-responsive-json-new='{\"font-size\":\"desktop:30px;tablet:30px;tablet_portrait:26px;mobile_landscape:26px;mobile:26px;\",\"line-height\":\"\"}' ><h2 style=\"font-family:&#039;Roboto&#039;;font-weight:500;color:#183e7a;\">Delphinco<\/h2><\/div><\/div>[vc_empty_space height=&#8221;20&#8243;][vc_column_text el_class=&#8221;text_mobil&#8221;]Delphinco vereint Managementf\u00e4higkeiten mit technischer Expertise, insbesondere bei der Leistungssteigerung im Verlauf Ihres Produkts- oder Dienstleistungs-Lebenszykluses. Wir sind weit mehr als nur ein Beratungsunternehmen \u2013 wir sind Ihr zuverl\u00e4ssiger und kompetenter Gesch\u00e4ftspartner im Bereich der industriellen und operativen Prozesse:[\/vc_column_text][vc_column_text el_class=&#8221;text_mobil&#8221;]<\/p>\n<ul class=\"box_padding_2\">\n<li><span style=\"color: #183e7a;\"><strong>Beratung und Dienstleistung aus einem Guss: <\/strong>von Strategie bis zum Endprodukt bzw. bis zur Endleistung<\/span><\/li>\n<li><span style=\"color: #183e7a;\">Kosteneffektiv und flexibel dank Delphinco\u2018s umfangreichem Know-How und Berater-Netzwerk<\/span><\/li>\n<li><span style=\"color: #183e7a;\">Kompetente Unterst\u00fctzung bis hin zur Aufteilung von Einsatzrisiken im Rahmen Ihrer Gesch\u00e4ftsentwicklung nach Westafrika<\/span><\/li>\n<\/ul>\n<p>[\/vc_column_text]<div class=\" ubtn-ctn-left \"><a class=\"ubtn-link ult-adjust-bottom-margin ubtn-left ubtn-normal \" href=\"mailto:services@delphinco.com\" ><button type=\"button\" id=\"ubtn-7838\"  class=\"ubtn ult-adjust-bottom-margin ult-responsive ubtn-normal ubtn-no-hover-bg  none  ubtn-sep-icon ubtn-sep-icon-bottom-push  ubtn-left   tooltip-69f32b55044ef\"  data-hover=\"#ffffff\" data-border-color=\"#183e7a\" data-bg=\"#183e7a\" data-hover-bg=\"#6ca9f2\" data-border-hover=\"#6ca9f2\" data-shadow-hover=\"\" data-shadow-click=\"none\" data-shadow=\"\" data-shd-shadow=\"\"  data-ultimate-target='#ubtn-7838'  data-responsive-json-new='{\"font-size\":\"desktop:20px;tablet:20px;tablet_portrait:20px;mobile_landscape:20px;mobile:20px;\",\"line-height\":\"\"}'  style=\"font-family:&#039;Roboto&#039;;font-weight:normal;border-radius:5px;border-width:1px;border-color:#183e7a;border-style:solid;background: #183e7a;color: #ffffff;\"><span class=\"ubtn-data ubtn-icon\"><i class=\"icomoon-the7-font-the7-mail-01\" style=\"font-size:32px;color:#ffffff;\"><\/i><\/span><span class=\"ubtn-hover\" style=\"background-color:#6ca9f2\"><\/span><span class=\"ubtn-data ubtn-text \" >Haben wir Ihr Interesse geweckt? Dann kontaktieren Sie uns\u2026<\/span><\/button><\/a><\/div>[\/vc_column][\/vc_row][vc_row bg_type=&#8221;bg_color&#8221; css=&#8221;.vc_custom_1581590611407{border-top-width: 3px !important;border-right-width: 3px !important;border-bottom-width: 3px !important;border-left-width: 3px !important;border-left-color: #183e7a !important;border-left-style: solid !important;border-right-color: #183e7a !important;border-right-style: solid !important;border-top-color: #183e7a !important;border-top-style: solid !important;border-bottom-color: #183e7a !important;border-bottom-style: solid !important;}&#8221; el_class=&#8221;box_padding box_padding_2&#8243; el_id=&#8221;box_style_border&#8221;][vc_column offset=&#8221;vc_hidden-xs&#8221;]<div id=\"ultimate-heading-630469f32b5504533\" class=\"uvc-heading ult-adjust-bottom-margin ultimate-heading-630469f32b5504533 uvc-5083 \" data-hspacer=\"no_spacer\"  data-halign=\"left\" style=\"text-align:left\"><div class=\"uvc-heading-spacer no_spacer\" style=\"top\"><\/div><div class=\"uvc-main-heading ult-responsive\"  data-ultimate-target='.uvc-heading.ultimate-heading-630469f32b5504533 h2'  data-responsive-json-new='{\"font-size\":\"desktop:30px;tablet:30px;tablet_portrait:26px;mobile_landscape:26px;mobile:26px;\",\"line-height\":\"\"}' ><h2 style=\"font-family:&#039;Roboto&#039;;font-weight:500;color:#183e7a;margin-bottom:30px;\">Ihre Wertsch\u00f6pfungskette<\/h2><\/div><\/div>[\/vc_column][vc_column width=&#8221;1\/4&#8243; offset=&#8221;vc_hidden-xs&#8221;]<div class=\"ult-animation  ult-animate-viewport  ult-no-mobile \" data-animate=\"fadeInLeft\" data-animation-delay=\"0\" data-animation-duration=\"1\" data-animation-iteration=\"1\" style=\"opacity:0;\" data-opacity_start_effect=\"\">[vc_single_image image=&#8221;6148&#8243; img_size=&#8221;full&#8221; css=&#8221;.vc_custom_1632834972055{margin-right: -20px !important;margin-left: -20px !important;}&#8221;]<\/div>[\/vc_column][vc_column width=&#8221;1\/4&#8243; offset=&#8221;vc_hidden-xs&#8221;]<div class=\"ult-animation  ult-animate-viewport  ult-no-mobile \" data-animate=\"fadeInLeft\" data-animation-delay=\"0.5\" data-animation-duration=\"1\" data-animation-iteration=\"1\" style=\"opacity:0;\" data-opacity_start_effect=\"\">[vc_single_image image=&#8221;5612&#8243; img_size=&#8221;full&#8221; css=&#8221;.vc_custom_1582287212995{margin-right: -20px !important;margin-left: -20px !important;}&#8221;]<\/div>[\/vc_column][vc_column width=&#8221;1\/4&#8243; offset=&#8221;vc_hidden-xs&#8221;]<div class=\"ult-animation  ult-animate-viewport  ult-no-mobile \" data-animate=\"fadeInLeft\" data-animation-delay=\"1.5\" data-animation-duration=\"1\" data-animation-iteration=\"1\" style=\"opacity:0;\" data-opacity_start_effect=\"\">[vc_single_image image=&#8221;5655&#8243; img_size=&#8221;full&#8221; css=&#8221;.vc_custom_1582900857997{margin-right: -20px !important;margin-left: -20px !important;}&#8221;]<\/div>[\/vc_column][vc_column width=&#8221;1\/4&#8243; offset=&#8221;vc_hidden-xs&#8221;]<div class=\"ult-animation  ult-animate-viewport  ult-no-mobile \" data-animate=\"fadeInLeft\" data-animation-delay=\"2\" data-animation-duration=\"1\" data-animation-iteration=\"1\" style=\"opacity:0;\" data-opacity_start_effect=\"\">[vc_single_image image=&#8221;5657&#8243; img_size=&#8221;full&#8221; css=&#8221;.vc_custom_1582901013378{margin-right: -20px !important;margin-left: -20px !important;}&#8221;]<\/div>[\/vc_column][vc_column css=&#8221;.vc_custom_1581427385020{margin-top: -30px !important;margin-bottom: 10px !important;background-position: center !important;background-repeat: no-repeat !important;background-size: cover !important;}&#8221; offset=&#8221;vc_hidden-xs&#8221;]<div id=\"ultimate-heading-356369f32b55045b6\" class=\"uvc-heading ult-adjust-bottom-margin ultimate-heading-356369f32b55045b6 uvc-3833 \" data-hspacer=\"no_spacer\"  data-halign=\"center\" style=\"text-align:center\"><div class=\"uvc-heading-spacer no_spacer\" style=\"top\"><\/div><div class=\"uvc-main-heading ult-responsive\"  data-ultimate-target='.uvc-heading.ultimate-heading-356369f32b55045b6 h2'  data-responsive-json-new='{\"font-size\":\"desktop:26px;tablet:26px;tablet_portrait:26px;mobile_landscape:26px;mobile:26px;\",\"line-height\":\"\"}' ><h2 style=\"font-family:&#039;Roboto&#039;;font-weight:500;color:#183e7a;margin-bottom:30px;\">Delphinco kann Sie in all diesen Bereichen unterst\u00fctzen oder einzelne Leistungen komplett \u00fcbernehmen!<\/h2><\/div><\/div>[\/vc_column][\/vc_row][vc_row bg_type=&#8221;bg_color&#8221; css=&#8221;.vc_custom_1580719762109{background-color: #f4f4f4 !important;}&#8221; el_class=&#8221;box_padding_2&#8243;][vc_column offset=&#8221;vc_hidden-lg vc_hidden-md vc_hidden-sm&#8221;]<div id=\"ultimate-heading-815369f32b55045d1\" class=\"uvc-heading ult-adjust-bottom-margin ultimate-heading-815369f32b55045d1 uvc-8199 \" data-hspacer=\"no_spacer\"  data-halign=\"left\" style=\"text-align:left\"><div class=\"uvc-heading-spacer no_spacer\" style=\"top\"><\/div><div class=\"uvc-main-heading ult-responsive\"  data-ultimate-target='.uvc-heading.ultimate-heading-815369f32b55045d1 h2'  data-responsive-json-new='{\"font-size\":\"desktop:30px;tablet:30px;tablet_portrait:26px;mobile_landscape:26px;mobile:26px;\",\"line-height\":\"\"}' ><h2 style=\"font-family:&#039;Montserrat&#039;;font-weight:500;color:#183e7a;margin-bottom:30px;\">Ihre Unternehmensstrategie<\/h2><\/div><\/div>[vc_row_inner][vc_column_inner offset=&#8221;vc_hidden-lg vc_hidden-md vc_hidden-sm&#8221;]<div class=\"ult-animation  ult-animate-viewport  ult-no-mobile \" data-animate=\"fadeInDown\" data-animation-delay=\"0\" data-animation-duration=\"1\" data-animation-iteration=\"1\" style=\"opacity:0;\" data-opacity_start_effect=\"\">[vc_single_image image=&#8221;4745&#8243; img_size=&#8221;500&#215;500&#8243; alignment=&#8221;center&#8221; image_hovers=&#8221;false&#8221; css=&#8221;.vc_custom_1580719565569{margin-bottom: -10px !important;}&#8221;]<\/div>[\/vc_column_inner][\/vc_row_inner][vc_row_inner][vc_column_inner offset=&#8221;vc_hidden-lg vc_hidden-md vc_hidden-sm&#8221;]<div class=\"ult-animation  ult-animate-viewport  ult-no-mobile \" data-animate=\"fadeInDown\" data-animation-delay=\"0\" data-animation-duration=\"1\" data-animation-iteration=\"1\" style=\"opacity:0;\" data-opacity_start_effect=\"\">[vc_single_image image=&#8221;5616&#8243; img_size=&#8221;500&#215;500&#8243; alignment=&#8221;center&#8221; css=&#8221;.vc_custom_1582287252851{margin-bottom: -10px !important;}&#8221;]<\/div>[\/vc_column_inner][\/vc_row_inner][vc_row_inner][vc_column_inner offset=&#8221;vc_hidden-lg vc_hidden-md vc_hidden-sm&#8221;]<div class=\"ult-animation  ult-animate-viewport  ult-no-mobile \" data-animate=\"fadeInDown\" data-animation-delay=\"0\" data-animation-duration=\"1\" data-animation-iteration=\"1\" style=\"opacity:0;\" data-opacity_start_effect=\"\">[vc_single_image image=&#8221;4747&#8243; img_size=&#8221;500&#215;500&#8243; alignment=&#8221;center&#8221; css=&#8221;.vc_custom_1580719590320{margin-bottom: -10px !important;}&#8221;]<\/div>[\/vc_column_inner][\/vc_row_inner][vc_row_inner][vc_column_inner offset=&#8221;vc_hidden-lg vc_hidden-md vc_hidden-sm&#8221;]<div class=\"ult-animation  ult-animate-viewport  ult-no-mobile \" data-animate=\"fadeInDown\" data-animation-delay=\"0\" data-animation-duration=\"1\" data-animation-iteration=\"1\" style=\"opacity:0;\" data-opacity_start_effect=\"\">[vc_single_image image=&#8221;4748&#8243; img_size=&#8221;500&#215;500&#8243; alignment=&#8221;center&#8221;]<\/div>[\/vc_column_inner][\/vc_row_inner][\/vc_column][vc_column css=&#8221;.vc_custom_1580459207112{margin-top: -40px !important;margin-bottom: 10px !important;}&#8221; offset=&#8221;vc_hidden-lg vc_hidden-md vc_hidden-sm&#8221;]<div id=\"ultimate-heading-845669f32b550463c\" class=\"uvc-heading ult-adjust-bottom-margin ultimate-heading-845669f32b550463c uvc-3952 \" data-hspacer=\"no_spacer\"  data-halign=\"center\" style=\"text-align:center\"><div class=\"uvc-heading-spacer no_spacer\" style=\"top\"><\/div><div class=\"uvc-main-heading ult-responsive\"  data-ultimate-target='.uvc-heading.ultimate-heading-845669f32b550463c h2'  data-responsive-json-new='{\"font-size\":\"desktop:26px;tablet:26px;tablet_portrait:26px;mobile_landscape:26px;mobile:26px;\",\"line-height\":\"\"}' ><h2 style=\"font-family:&#039;Montserrat&#039;;font-weight:500;color:#183e7a;margin-bottom:30px;\">Delphinco kann Sie in all diesen Bereichen unterst\u00fctzen oder einzelne Leistungen komplett \u00fcbernehmen!<\/h2><\/div><\/div>[\/vc_column][\/vc_row][vc_row equal_height=&#8221;yes&#8221; css=&#8221;.vc_custom_1581437172738{background-color: #f4f4f4 !important;background-position: center !important;background-repeat: no-repeat !important;background-size: cover !important;}&#8221; el_class=&#8221;box_padding box_padding_4&#8243;][vc_column width=&#8221;1\/3&#8243; css=&#8221;.vc_custom_1580718004528{background-position: center !important;background-repeat: no-repeat !important;background-size: contain !important;}&#8221;][vc_column_text el_class=&#8221;tabelle text_mobil&#8221; css=&#8221;.vc_custom_1683019645462{margin-top: -20px !important;}&#8221;]<\/p>\n<div class=\"column\">\n<h3>Business Transformation &amp;<br \/>\nOperational Excellence<\/h3>\n<h4>Operational Excellence<\/h4>\n<span><a onclick=\"read_toggle(1414471692, 'weiter \/ more', 'schlie\u00dfen \/ close'); return false;\" class=\"read-link\" id=\"readlink1414471692\" style=\"readlink\" href=\"#\">weiter \/ more<\/a><\/span>\n<div class=\"read_div\" id=\"read1414471692\" style=\"display: none;\"><\/p>\n<ul>\n<li>Operating Model<\/li>\n<li>Organisational Design<\/li>\n<li>Business Process Re-Engineering<\/li>\n<li>Technology &amp; Performance Management<\/li>\n<li>Data &amp; Analytics<\/li>\n<\/ul>\n<p><\/div>\n<h4>Enterprise Technology &amp; Performance<\/h4>\n<span><a onclick=\"read_toggle(2116631711, 'weiter \/ more', 'schlie\u00dfen \/ close'); return false;\" class=\"read-link\" id=\"readlink2116631711\" style=\"readlink\" href=\"#\">weiter \/ more<\/a><\/span>\n<div class=\"read_div\" id=\"read2116631711\" style=\"display: none;\"><\/p>\n<ul>\n<li>Ermittlung der Leistungselemente<\/li>\n<li>Optimierungs- &amp;Transformations-<br \/>\numsetzung<\/li>\n<\/ul>\n<p><\/div>\n<h4>Digitale Transformation<\/h4>\n<span><a onclick=\"read_toggle(1381876481, 'weiter \/ more', 'schlie\u00dfen \/ close'); return false;\" class=\"read-link\" id=\"readlink1381876481\" style=\"readlink\" href=\"#\">weiter \/ more<\/a><\/span>\n<div class=\"read_div\" id=\"read1381876481\" style=\"display: none;\"><\/p>\n<ul>\n<li>Digitale Infrastrukturen<\/li>\n<li>Digitale L\u00f6sungen &amp; Produkte<\/li>\n<li>Digitale Transformationsprojekte<\/li>\n<\/ul>\n<p><\/div><\/div>\n<div class=\"column\">\n<p>&nbsp;<\/p><\/div>\n<p>[\/vc_column_text][\/vc_column][vc_column width=&#8221;1\/3&#8243;][vc_column_text el_class=&#8221;tabelle text_mobil&#8221; css=&#8221;.vc_custom_1689159729928{margin-top: -20px !important;}&#8221;]<\/p>\n<div class=\"column\"><\/div>\n<div class=\"column\">\n<h3>Aus- und Weiterbildung,<\/h3>\n<h3>Kapazit\u00e4tsaufbau &amp;<\/h3>\n<h3>Fachliche Unterst\u00fctzung<\/h3>\n<h4>Aus- und Weiterbildung &amp;\u00a0Kapazit\u00e4tsaufbau<\/h4>\n<span><a onclick=\"read_toggle(297009313, 'weiter \/ more', 'schlie\u00dfen \/ close'); return false;\" class=\"read-link\" id=\"readlink297009313\" style=\"readlink\" href=\"#\">weiter \/ more<\/a><\/span>\n<div class=\"read_div\" id=\"read297009313\" style=\"display: none;\"><\/p>\n<ul>\n<li>Wissensmanagement &amp; Berufliche Bildung<\/li>\n<li>E-Campus \/ Knowledge Transfer Plattform<\/li>\n<\/ul>\n<p><\/div>\n<h4>Fachliche Unterst\u00fctzung:<br \/>\nMethods, Qualit\u00e4ts- &amp; Engineering<br \/>\nServices<\/h4>\n<span><a onclick=\"read_toggle(2115400926, 'weiter \/ more', 'schlie\u00dfen \/ close'); return false;\" class=\"read-link\" id=\"readlink2115400926\" style=\"readlink\" href=\"#\">weiter \/ more<\/a><\/span>\n<div class=\"read_div\" id=\"read2115400926\" style=\"display: none;\"><\/p>\n<ul>\n<li>Projekt-, Programmmanagement<\/li>\n<li>Qualit\u00e4tsmanagement &amp; Methoden<\/li>\n<li>Einhaltung gesetzlicher Vorschriften<\/li>\n<\/ul>\n<p><\/div>\n<h4>Fachliche Unterst\u00fctzung:<br \/>\nIT &amp; Digitale Produkte<\/h4>\n<span><a onclick=\"read_toggle(1518522081, 'weiter \/ more', 'schlie\u00dfen \/ close'); return false;\" class=\"read-link\" id=\"readlink1518522081\" style=\"readlink\" href=\"#\">weiter \/ more<\/a><\/span>\n<div class=\"read_div\" id=\"read1518522081\" style=\"display: none;\"><\/p>\n<ul>\n<li>Entwicklung technologischer L\u00f6sungen<\/li>\n<li>Data Science, Data Analysis<\/li>\n<li>IT &amp; Digitale L\u00f6sungen<\/li>\n<\/ul>\n<p><\/div><\/div>\n<p>[\/vc_column_text][\/vc_column][vc_column width=&#8221;1\/3&#8243; css=&#8221;.vc_custom_1683552258994{margin-top: -20px !important;}&#8221; el_class=&#8221;tabelle text_mobil&#8221;][vc_column_text]<\/p>\n<div class=\"column\">\u00a0<\/div>\n<div class=\"column\">\n<h3>Freisetzung von Gesch\u00e4ftspotentialen mit den Schwellenm\u00e4rkten Westafrikas:<\/h3>\n<h4>Gesch\u00e4ftsberatung<\/h4>\n<span><a onclick=\"read_toggle(1908861124, 'weiter \/ more', 'schlie\u00dfen \/ close'); return false;\" class=\"read-link\" id=\"readlink1908861124\" style=\"readlink\" href=\"#\">weiter \/ more<\/a><\/span>\n<div class=\"read_div\" id=\"read1908861124\" style=\"display: none;\"><\/p>\n<ul>\n<li>Country &amp; Market Desk Analyse<\/li>\n<li>Operating Model Re-Engineering<\/li>\n<li>Eintritt-Model Optimisation<\/li>\n<\/ul>\n<p><\/div>\n<h4>Begleitende Dienstleistungen<\/h4>\n<span><a onclick=\"read_toggle(429182146, 'weiter \/ more', 'schlie\u00dfen \/ close'); return false;\" class=\"read-link\" id=\"readlink429182146\" style=\"readlink\" href=\"#\">weiter \/ more<\/a><\/span>\n<div class=\"read_div\" id=\"read429182146\" style=\"display: none;\"><\/p>\n<ul>\n<li>Bereitstellung von Fachkr\u00e4ften nach DIHK-Standard<\/li>\n<li>Operative Unterst\u00fctzung in allt\u00e4glichen Gesch\u00e4ftst\u00e4tigkeiten<\/li>\n<\/ul>\n<p><\/div>\n<h4>Vor-Ort Plattformen<\/h4>\n<span><a onclick=\"read_toggle(1648072363, 'weiter \/ more', 'schlie\u00dfen \/ close'); return false;\" class=\"read-link\" id=\"readlink1648072363\" style=\"readlink\" href=\"#\">weiter \/ more<\/a><\/span>\n<div class=\"read_div\" id=\"read1648072363\" style=\"display: none;\"><\/p>\n<ul>\n<li>Bereitstellung von Demoplattformen f\u00fcr die Technologie \u201eMade in Germany\u201c<\/li>\n<li>Schulungsplattformen f\u00fcr Know-How- Transfer<\/li>\n<\/ul>\n<p><\/div>\n<\/div>\n<p>[\/vc_column_text][\/vc_column][\/vc_row]<\/p>\n","protected":false},"excerpt":{"rendered":"<p>[vc_row][vc_column offset=&#8221;vc_hidden-sm vc_hidden-xs&#8221;][vc_raw_html]JTVCcmV2X3NsaWRlciUyMGFsaWFzJTNEJTIydGhlNy1zb2Z0d2FyZS1jb21wYW55LXNsaWRlcjUlMjIlNUQlNUIlMkZyZXZfc2xpZGVyJTVE[\/vc_raw_html][\/vc_column][\/vc_row][vc_row][vc_column offset=&#8221;vc_hidden-lg vc_hidden-md&#8221;][vc_raw_html]JTNDJTIxLS0tLS0tLU5JQ0hUJTIwRU5URkVSTkVOJTIxJTIxJTIxJTIxLS0tLS0tLSUzRSUwQSU1QnJldl9zbGlkZXIlMjBhbGlhcyUzRCUyMnNsaWRlci1zdGFyLW1vYmlsJTIyJTVE[\/vc_raw_html][\/vc_column][\/vc_row][vc_row gap=&#8221;10&#8243; equal_height=&#8221;yes&#8221; css=&#8221;.vc_custom_1582122226687{margin-top: 20px !important;margin-bottom: 20px !important;background-position: center !important;background-repeat: no-repeat !important;background-size: cover !important;}&#8221;][vc_column width=&#8221;1\/2&#8243; css=&#8221;.vc_custom_1582121138709{background-color: #f4f4f4 !important;background-position: center !important;background-repeat: no-repeat !important;background-size: contain !important;}&#8221;][vc_empty_space height=&#8221;20&#8243;][vc_column_text el_class=&#8221;text_mobil&#8221;]Die derzeitige Ver\u00e4nderungsgeschwindigkeit kombiniert mit den Herausforderungen der Globalisierung, Digitalisierung und Nachhaltigkeit stellt traditionelle Herangehensweisen, sogar die Relevanz ganzer Branchen in Frage.[\/vc_column_text][vc_column_text el_class=&#8221;text_mobil&#8221;] Unternehmen m\u00fcssen sich&hellip;<\/p>\n","protected":false},"author":8,"featured_media":0,"parent":0,"menu_order":20,"comment_status":"closed","ping_status":"closed","template":"","meta":{"inline_featured_image":false},"aioseo_notices":[],"_links":{"self":[{"href":"https:\/\/www.delphinco.com\/index.php?rest_route=\/wp\/v2\/pages\/7"}],"collection":[{"href":"https:\/\/www.delphinco.com\/index.php?rest_route=\/wp\/v2\/pages"}],"about":[{"href":"https:\/\/www.delphinco.com\/index.php?rest_route=\/wp\/v2\/types\/page"}],"author":[{"embeddable":true,"href":"https:\/\/www.delphinco.com\/index.php?rest_route=\/wp\/v2\/users\/8"}],"replies":[{"embeddable":true,"href":"https:\/\/www.delphinco.com\/index.php?rest_route=%2Fwp%2Fv2%2Fcomments&post=7"}],"version-history":[{"count":801,"href":"https:\/\/www.delphinco.com\/index.php?rest_route=\/wp\/v2\/pages\/7\/revisions"}],"predecessor-version":[{"id":6380,"href":"https:\/\/www.delphinco.com\/index.php?rest_route=\/wp\/v2\/pages\/7\/revisions\/6380"}],"wp:attachment":[{"href":"https:\/\/www.delphinco.com\/index.php?rest_route=%2Fwp%2Fv2%2Fmedia&parent=7"}],"curies":[{"name":"wp","href":"https:\/\/api.w.org\/{rel}","templated":true}]}}