{"id":2241,"date":"2019-10-25T10:55:41","date_gmt":"2019-10-25T08:55:41","guid":{"rendered":"http:\/\/wordpress.p526553.webspaceconfig.de\/?page_id=2241"},"modified":"2023-05-04T11:39:12","modified_gmt":"2023-05-04T09:39:12","slug":"branchen","status":"publish","type":"page","link":"https:\/\/www.delphinco.com\/?page_id=2241","title":{"rendered":"Partner &#038; Referenzprojekte"},"content":{"rendered":"<p>[vc_row][vc_column offset=&#8221;vc_hidden-sm vc_hidden-xs&#8221;][vc_raw_html]JTVCcmV2X3NsaWRlciUyMGFsaWFzJTNEJTIydGhlNy1zb2Z0d2FyZS1jb21wYW55LXNsaWRlcjUlMjIlNUQlNUIlMkZyZXZfc2xpZGVyJTVE[\/vc_raw_html][\/vc_column][\/vc_row][vc_row][vc_column offset=&#8221;vc_hidden-lg vc_hidden-md&#8221;][vc_raw_html]JTVCcmV2X3NsaWRlciUyMGFsaWFzJTNEJTIyc2xpZGVyLXN0YXItbW9iaWwlMjIlNUQ=[\/vc_raw_html][\/vc_column][\/vc_row][vc_row css=&#8221;.vc_custom_1581006938755{margin-top: 30px !important;background-color: #f4f4f4 !important;background-position: center !important;background-repeat: no-repeat !important;background-size: cover !important;}&#8221; el_class=&#8221;box_size_3&#8243;][vc_column]<div id=\"ultimate-heading-765969eb1599e9844\" class=\"uvc-heading ult-adjust-bottom-margin ultimate-heading-765969eb1599e9844 uvc-6766 \" data-hspacer=\"no_spacer\"  data-halign=\"left\" style=\"text-align:left\"><div class=\"uvc-heading-spacer no_spacer\" style=\"top\"><\/div><div class=\"uvc-main-heading ult-responsive\"  data-ultimate-target='.uvc-heading.ultimate-heading-765969eb1599e9844 h2'  data-responsive-json-new='{\"font-size\":\"desktop:30px;tablet:30px;tablet_portrait:28px;mobile_landscape:28px;mobile:26px;\",\"line-height\":\"\"}' ><h2 style=\"font-family:&#039;Roboto&#039;;font-weight:500;margin-top:-20px;margin-bottom:20px;\">Unsere Kunden<\/h2><\/div><\/div>[vc_column_text el_class=&#8221;text_mobil&#8221;]Seit mehr als <span style=\"color: #183e7a;\"><strong>15 Jahren<\/strong><\/span> bieten wir unseren Kunden den neutralen und konzeptionell strategischen Blick von au\u00dfen. Bei Bedarf k\u00f6nnen wir auch zu einem Teammitglied auf Zeit werden, um die vorgeschlagenen L\u00f6sungen umzusetzen. Zu unseren Kunden z\u00e4hlen sowohl <span style=\"color: #183e7a;\"><strong>namhafte Gro\u00dfkonzerne<\/strong><\/span> als auch <span style=\"color: #183e7a;\"><strong>etablierte mittelst\u00e4ndische Unternehmen.<\/strong><\/span><br \/>\nWir sind stolz darauf, dass viele unserer Neukunden durch Empfehlungsmarketing den Weg zu uns finden. Wir freuen uns darauf, auch Sie durch unser vielschichtiges und kompetentes Expertenwissen zu \u00fcberzeugen![\/vc_column_text]<div class=\" ubtn-ctn-left \"><a class=\"ubtn-link ult-adjust-bottom-margin ubtn-left ubtn-normal \" href=\"mailto:services@delphinco.com\" ><button type=\"button\" id=\"ubtn-5354\"  class=\"ubtn ult-adjust-bottom-margin ult-responsive ubtn-normal ubtn-no-hover-bg  none  ubtn-sep-icon ubtn-sep-icon-bottom-push  ubtn-left   tooltip-69eb1599e9878\"  data-hover=\"#ffffff\" data-border-color=\"#183e7a\" data-bg=\"#183e7a\" data-hover-bg=\"#6ca9f2\" data-border-hover=\"#6ca9f2\" data-shadow-hover=\"\" data-shadow-click=\"none\" data-shadow=\"\" data-shd-shadow=\"\"  data-ultimate-target='#ubtn-5354'  data-responsive-json-new='{\"font-size\":\"desktop:20px;tablet:20px;tablet_portrait:20px;mobile_landscape:20px;mobile:20px;\",\"line-height\":\"\"}'  style=\"font-family:&#039;Roboto&#039;;font-weight:normal;border-radius:5px;border-width:1px;border-color:#183e7a;border-style:solid;background: #183e7a;color: #ffffff;\"><span class=\"ubtn-data ubtn-icon\"><i class=\"icomoon-the7-font-the7-mail-01\" style=\"font-size:32px;color:#ffffff;\"><\/i><\/span><span class=\"ubtn-hover\" style=\"background-color:#6ca9f2\"><\/span><span class=\"ubtn-data ubtn-text \" >Haben wir Ihr Interesse geweckt? Dann kontaktieren Sie uns\u2026<\/span><\/button><\/a><\/div>[\/vc_column][\/vc_row][vc_row css=&#8221;.vc_custom_1581349231438{background-color: #183e7a !important;}&#8221; el_class=&#8221;box_size&#8221; el_id=&#8221;box_kapital&#8221;][vc_column]<div id=\"ultimate-heading-849269eb1599e98c3\" class=\"uvc-heading ult-adjust-bottom-margin ultimate-heading-849269eb1599e98c3 uvc-4970 \" data-hspacer=\"no_spacer\"  data-halign=\"left\" style=\"text-align:left\"><div class=\"uvc-heading-spacer no_spacer\" style=\"top\"><\/div><div class=\"uvc-main-heading ult-responsive\"  data-ultimate-target='.uvc-heading.ultimate-heading-849269eb1599e98c3 h2'  data-responsive-json-new='{\"font-size\":\"desktop:30px;tablet:30px;tablet_portrait:28px;mobile_landscape:28px;mobile:26px;\",\"line-height\":\"\"}' ><h2 style=\"font-family:&#039;Roboto&#039;;font-weight:500;color:#ffffff;margin-bottom:30px;\">Wir schaffen Mehrwert f\u00fcr Sie durch:<\/h2><\/div><\/div>[vc_column_text el_class=&#8221;\/*list_style*\/ text_mobil&#8221;]<\/p>\n<h4 class=\"list_style\"><span style=\"color: #ffffff;\"> Ausgepr\u00e4gte Consulting-Kompetenz kombiniert mit technischer Expertise<\/span><\/h4>\n<h4 class=\"list_style\"><span style=\"color: #ffffff;\"> Engineering- und branchen\u00fcbergreifende Fachkompetenz<\/span><\/h4>\n<h4 class=\"list_style\"><span style=\"color: #ffffff;\"> Langj\u00e4hrige Erfahrung in Projektmanagement und Systemanalyse<\/span><\/h4>\n<h4 class=\"list_style\"><span style=\"color: #ffffff;\"> Starke multikulturelle &amp; multidisziplin\u00e4re\u00a0Teamf\u00e4higkeit<\/span><\/h4>\n<h4 class=\"list_style\"><span style=\"color: #ffffff;\"> Sicherer Umgang mit Komplexit\u00e4t<\/span><\/h4>\n<h4 class=\"list_style\"><span style=\"color: #ffffff;\">\u00a0Grenz\u00fcbergreifende Einsatzf\u00e4higkeit in Europa &amp; Westafrika<\/span><\/h4>\n<p>[\/vc_column_text][\/vc_column][\/vc_row][vc_row el_class=&#8221;box_size&#8221;][vc_column]<div id=\"ultimate-heading-760769eb1599e98df\" class=\"uvc-heading ult-adjust-bottom-margin ultimate-heading-760769eb1599e98df uvc-1056 \" data-hspacer=\"no_spacer\"  data-halign=\"left\" style=\"text-align:left\"><div class=\"uvc-heading-spacer no_spacer\" style=\"top\"><\/div><div class=\"uvc-main-heading ult-responsive\"  data-ultimate-target='.uvc-heading.ultimate-heading-760769eb1599e98df h2'  data-responsive-json-new='{\"font-size\":\"desktop:30px;tablet:30px;tablet_portrait:28px;mobile_landscape:28px;mobile:26px;\",\"line-height\":\"\"}' ><h2 style=\"font-family:&#039;Roboto&#039;;font-weight:500;margin-bottom:30px;\">Unsere Schwerpunkte liegen in folgenden Branchen:<\/h2><\/div><\/div>[\/vc_column][\/vc_row][vc_row gap=&#8221;10&#8243; equal_height=&#8221;yes&#8221;][vc_column width=&#8221;1\/3&#8243; css=&#8221;.vc_custom_1580385992638{padding-right: 20px !important;padding-bottom: 5px !important;padding-left: 20px !important;}&#8221;][vc_icon type=&#8221;linecons&#8221; icon_linecons=&#8221;vc_li vc_li-display&#8221; color=&#8221;custom&#8221; size=&#8221;xl&#8221; align=&#8221;center&#8221; el_class=&#8221;icons&#8221; custom_color=&#8221;#3d79bd&#8221;]<div id=\"ultimate-heading-665469eb1599e98f7\" class=\"uvc-heading ult-adjust-bottom-margin ultimate-heading-665469eb1599e98f7 uvc-5217 \" data-hspacer=\"no_spacer\"  data-halign=\"center\" style=\"text-align:center\"><div class=\"uvc-heading-spacer no_spacer\" style=\"top\"><\/div><div class=\"uvc-main-heading ult-responsive\"  data-ultimate-target='.uvc-heading.ultimate-heading-665469eb1599e98f7 h3'  data-responsive-json-new='{\"font-size\":\"desktop:22px;tablet:22px;tablet_portrait:22px;mobile_landscape:22px;mobile:22px;\",\"line-height\":\"\"}' ><h3 style=\"font-family:&#039;Roboto&#039;;font-weight:500;\">Digitale L\u00f6sungen &amp; Dienstleistungen<\/h3><\/div><\/div>[vc_empty_space height=&#8221;20px&#8221;]<div class=\" ubtn-ctn-center \"><a class=\"ubtn-link ult-adjust-bottom-margin ubtn-center ubtn-custom \" href=\"https:\/\/www.delphinco.com\/?p=4606\" title=\"Projektbeispiel \u2013 Digitale L\u00f6sungen &amp; Dienstleistungen\" ><button type=\"button\" id=\"ubtn-2758\"  class=\"ubtn ult-adjust-bottom-margin ult-responsive ubtn-custom ubtn-no-hover-bg  none  ubtn-center   tooltip-69eb1599e9910\"  data-hover=\"#ffffff\" data-border-color=\"\" data-bg=\"#183e7a\" data-hover-bg=\"#6ca9f2\" data-border-hover=\"\" data-shadow-hover=\"\" data-shadow-click=\"none\" data-shadow=\"\" data-shd-shadow=\"\"  data-ultimate-target='#ubtn-2758'  data-responsive-json-new='{\"font-size\":\"\",\"line-height\":\"\"}'  style=\"font-family:&#039;Roboto&#039;;font-weight:500;width:150px;min-height:40px;padding:px px;border-radius:20px;border-width:1px;border-color:;border-style:solid;background: #183e7a;color: #ffffff;\"><span class=\"ubtn-hover\" style=\"background-color:#6ca9f2\"><\/span><span class=\"ubtn-data ubtn-text \" >Projektbeispiel<\/span><\/button><\/a><\/div>[\/vc_column][vc_column width=&#8221;1\/3&#8243;][vc_icon type=&#8221;linecons&#8221; icon_linecons=&#8221;vc_li vc_li-lab&#8221; color=&#8221;custom&#8221; size=&#8221;xl&#8221; align=&#8221;center&#8221; el_class=&#8221;icons&#8221; custom_color=&#8221;#3d79bd&#8221;]<div id=\"ultimate-heading-608369eb1599e9936\" class=\"uvc-heading ult-adjust-bottom-margin ultimate-heading-608369eb1599e9936 uvc-6906 \" data-hspacer=\"no_spacer\"  data-halign=\"center\" style=\"text-align:center\"><div class=\"uvc-heading-spacer no_spacer\" style=\"top\"><\/div><div class=\"uvc-main-heading ult-responsive\"  data-ultimate-target='.uvc-heading.ultimate-heading-608369eb1599e9936 h3'  data-responsive-json-new='{\"font-size\":\"desktop:22px;tablet:22px;tablet_portrait:22px;mobile_landscape:22px;mobile:22px;\",\"line-height\":\"\"}' ><h3 style=\"font-family:&#039;Roboto&#039;;font-weight:500;\">Biotechnik &amp; Pharma<\/h3><\/div><\/div>[vc_empty_space height=&#8221;20px&#8221;]<div class=\" ubtn-ctn-center \"><a class=\"ubtn-link ult-adjust-bottom-margin ubtn-center ubtn-custom \" href=\"https:\/\/www.delphinco.com\/?p=4656\" title=\"Projektbeispiel \u2013 Biotechnik &amp; Pharma\" ><button type=\"button\" id=\"ubtn-9873\"  class=\"ubtn ult-adjust-bottom-margin ult-responsive ubtn-custom ubtn-no-hover-bg  none  ubtn-center   tooltip-69eb1599e994e\"  data-hover=\"#ffffff\" data-border-color=\"\" data-bg=\"#183e7a\" data-hover-bg=\"#6ca9f2\" data-border-hover=\"\" data-shadow-hover=\"\" data-shadow-click=\"none\" data-shadow=\"\" data-shd-shadow=\"\"  data-ultimate-target='#ubtn-9873'  data-responsive-json-new='{\"font-size\":\"\",\"line-height\":\"\"}'  style=\"font-family:&#039;Roboto&#039;;font-weight:500;width:150px;min-height:40px;padding:px px;border-radius:20px;border-width:1px;border-color:;border-style:solid;background: #183e7a;color: #ffffff;\"><span class=\"ubtn-hover\" style=\"background-color:#6ca9f2\"><\/span><span class=\"ubtn-data ubtn-text \" >Projektbeispiel<\/span><\/button><\/a><\/div>[\/vc_column][vc_column width=&#8221;1\/3&#8243;][vc_icon type=&#8221;typicons&#8221; icon_typicons=&#8221;typcn typcn-flash-outline&#8221; color=&#8221;custom&#8221; size=&#8221;xl&#8221; align=&#8221;center&#8221; el_class=&#8221;icons&#8221; custom_color=&#8221;#3d79bd&#8221;]<div id=\"ultimate-heading-136869eb1599e996f\" class=\"uvc-heading ult-adjust-bottom-margin ultimate-heading-136869eb1599e996f uvc-8159 \" data-hspacer=\"no_spacer\"  data-halign=\"center\" style=\"text-align:center\"><div class=\"uvc-heading-spacer no_spacer\" style=\"top\"><\/div><div class=\"uvc-main-heading ult-responsive\"  data-ultimate-target='.uvc-heading.ultimate-heading-136869eb1599e996f h3'  data-responsive-json-new='{\"font-size\":\"desktop:22px;tablet:22px;tablet_portrait:22px;mobile_landscape:22px;mobile:22px;\",\"line-height\":\"\"}' ><h3 style=\"font-family:&#039;Roboto&#039;;font-weight:500;\">Energie &amp; Nachhaltigkeit<\/h3><\/div><\/div>[vc_empty_space height=&#8221;20px&#8221;]<div class=\" ubtn-ctn-center \"><a class=\"ubtn-link ult-adjust-bottom-margin ubtn-center ubtn-custom \" href=\"https:\/\/www.delphinco.com\/?p=4665\" title=\"Projektbeispiel \u2013 Energie &amp; Nachhaltigkeit\" ><button type=\"button\" id=\"ubtn-2400\"  class=\"ubtn ult-adjust-bottom-margin ult-responsive ubtn-custom ubtn-no-hover-bg  none  ubtn-center   tooltip-69eb1599e9985\"  data-hover=\"#ffffff\" data-border-color=\"\" data-bg=\"#183e7a\" data-hover-bg=\"#6ca9f2\" data-border-hover=\"\" data-shadow-hover=\"\" data-shadow-click=\"none\" data-shadow=\"\" data-shd-shadow=\"\"  data-ultimate-target='#ubtn-2400'  data-responsive-json-new='{\"font-size\":\"\",\"line-height\":\"\"}'  style=\"font-family:&#039;Roboto&#039;;font-weight:500;width:150px;min-height:40px;padding:px px;border-radius:20px;border-width:1px;border-color:;border-style:solid;background: #183e7a;color: #ffffff;\"><span class=\"ubtn-hover\" style=\"background-color:#6ca9f2\"><\/span><span class=\"ubtn-data ubtn-text \" >Projektbeispiel<\/span><\/button><\/a><\/div>[\/vc_column][\/vc_row][vc_row][vc_column offset=&#8221;vc_hidden-xs&#8221;][vc_empty_space height=&#8221;80px&#8221;][\/vc_column][\/vc_row][vc_row gap=&#8221;10&#8243; equal_height=&#8221;yes&#8221;][vc_column width=&#8221;1\/3&#8243; css=&#8221;.vc_custom_1580386018535{padding-right: 20px !important;padding-bottom: 5px !important;padding-left: 20px !important;}&#8221;][vc_icon type=&#8221;linecons&#8221; icon_linecons=&#8221;vc_li vc_li-params&#8221; color=&#8221;custom&#8221; size=&#8221;xl&#8221; align=&#8221;center&#8221; el_class=&#8221;icons&#8221; custom_color=&#8221;#3d79bd&#8221;]<div id=\"ultimate-heading-757269eb1599e99a5\" class=\"uvc-heading ult-adjust-bottom-margin ultimate-heading-757269eb1599e99a5 uvc-1979 \" data-hspacer=\"no_spacer\"  data-halign=\"center\" style=\"text-align:center\"><div class=\"uvc-heading-spacer no_spacer\" style=\"top\"><\/div><div class=\"uvc-main-heading ult-responsive\"  data-ultimate-target='.uvc-heading.ultimate-heading-757269eb1599e99a5 h3'  data-responsive-json-new='{\"font-size\":\"desktop:22px;tablet:22px;tablet_portrait:22px;mobile_landscape:22px;mobile:22px;\",\"line-height\":\"\"}' ><h3 style=\"font-family:&#039;Roboto&#039;;font-weight:500;\">Elektrotechnik &amp; produzierendes Gewerbe<\/h3><\/div><\/div>[vc_empty_space height=&#8221;20px&#8221;]<div class=\" ubtn-ctn-center \"><a class=\"ubtn-link ult-adjust-bottom-margin ubtn-center ubtn-custom \" href=\"https:\/\/www.delphinco.com\/?p=4673\" title=\"Projektbeispiel \u2013 Elektrotechnik &amp; produzierendes Gewerbe\" ><button type=\"button\" id=\"ubtn-1499\"  class=\"ubtn ult-adjust-bottom-margin ult-responsive ubtn-custom ubtn-no-hover-bg  none  ubtn-center   tooltip-69eb1599e99bb\"  data-hover=\"#ffffff\" data-border-color=\"\" data-bg=\"#183e7a\" data-hover-bg=\"#6ca9f2\" data-border-hover=\"\" data-shadow-hover=\"\" data-shadow-click=\"none\" data-shadow=\"\" data-shd-shadow=\"\"  data-ultimate-target='#ubtn-1499'  data-responsive-json-new='{\"font-size\":\"\",\"line-height\":\"\"}'  style=\"font-family:&#039;Roboto&#039;;font-weight:500;width:150px;min-height:40px;padding:px px;border-radius:20px;border-width:1px;border-color:;border-style:solid;background: #183e7a;color: #ffffff;\"><span class=\"ubtn-hover\" style=\"background-color:#6ca9f2\"><\/span><span class=\"ubtn-data ubtn-text \" >Projektbeispiel<\/span><\/button><\/a><\/div>[\/vc_column][vc_column width=&#8221;1\/3&#8243;][vc_single_image image=&#8221;5595&#8243; img_size=&#8221;150&#215;95&#8243; alignment=&#8221;center&#8221;]<div id=\"ultimate-heading-390369eb1599e99dc\" class=\"uvc-heading ult-adjust-bottom-margin ultimate-heading-390369eb1599e99dc uvc-3415 \" data-hspacer=\"no_spacer\"  data-halign=\"center\" style=\"text-align:center\"><div class=\"uvc-heading-spacer no_spacer\" style=\"top\"><\/div><div class=\"uvc-main-heading ult-responsive\"  data-ultimate-target='.uvc-heading.ultimate-heading-390369eb1599e99dc h3'  data-responsive-json-new='{\"font-size\":\"desktop:22px;tablet:22px;tablet_portrait:22px;mobile_landscape:22px;mobile:22px;\",\"line-height\":\"\"}' ><h3 style=\"font-family:&#039;Roboto&#039;;font-weight:500;\">Automotive &amp; High-Tech<\/h3><\/div><\/div>[vc_empty_space height=&#8221;20px&#8221;]<div class=\" ubtn-ctn-center \"><a class=\"ubtn-link ult-adjust-bottom-margin ubtn-center ubtn-custom \" href=\"https:\/\/www.delphinco.com\/?p=4679\" title=\"Projektbeispiel \u2013 Automotive &amp; High-Tech\" ><button type=\"button\" id=\"ubtn-7146\"  class=\"ubtn ult-adjust-bottom-margin ult-responsive ubtn-custom ubtn-no-hover-bg  none  ubtn-center   tooltip-69eb1599e99f1\"  data-hover=\"#ffffff\" data-border-color=\"\" data-bg=\"#183e7a\" data-hover-bg=\"#6ca9f2\" data-border-hover=\"\" data-shadow-hover=\"\" data-shadow-click=\"none\" data-shadow=\"\" data-shd-shadow=\"\"  data-ultimate-target='#ubtn-7146'  data-responsive-json-new='{\"font-size\":\"\",\"line-height\":\"\"}'  style=\"font-family:&#039;Roboto&#039;;font-weight:500;width:150px;min-height:40px;padding:px px;border-radius:20px;border-width:1px;border-color:;border-style:solid;background: #183e7a;color: #ffffff;\"><span class=\"ubtn-hover\" style=\"background-color:#6ca9f2\"><\/span><span class=\"ubtn-data ubtn-text \" >Projektbeispiel<\/span><\/button><\/a><\/div>[\/vc_column][vc_column width=&#8221;1\/3&#8243;][vc_icon type=&#8221;linecons&#8221; icon_linecons=&#8221;vc_li vc_li-truck&#8221; color=&#8221;custom&#8221; size=&#8221;xl&#8221; align=&#8221;center&#8221; el_class=&#8221;icons&#8221; custom_color=&#8221;#3d79bd&#8221;]<div id=\"ultimate-heading-490469eb1599e9a11\" class=\"uvc-heading ult-adjust-bottom-margin ultimate-heading-490469eb1599e9a11 uvc-876 \" data-hspacer=\"no_spacer\"  data-halign=\"center\" style=\"text-align:center\"><div class=\"uvc-heading-spacer no_spacer\" style=\"top\"><\/div><div class=\"uvc-main-heading ult-responsive\"  data-ultimate-target='.uvc-heading.ultimate-heading-490469eb1599e9a11 h3'  data-responsive-json-new='{\"font-size\":\"desktop:22px;tablet:22px;tablet_portrait:22px;mobile_landscape:22px;mobile:22px;\",\"line-height\":\"\"}' ><h3 style=\"font-family:&#039;Roboto&#039;;font-weight:500;\">Fracht, Logistik &amp; Infrastrukturen<\/h3><\/div><\/div>[vc_empty_space height=&#8221;20px&#8221;]<div class=\" ubtn-ctn-center \"><a class=\"ubtn-link ult-adjust-bottom-margin ubtn-center ubtn-custom \" href=\"https:\/\/www.delphinco.com\/?p=4684\" title=\"Projektbeispiel \u2013 Fracht, Logistik &amp; Infrastrukturen\" ><button type=\"button\" id=\"ubtn-2549\"  class=\"ubtn ult-adjust-bottom-margin ult-responsive ubtn-custom ubtn-no-hover-bg  none  ubtn-center   tooltip-69eb1599e9a25\"  data-hover=\"#ffffff\" data-border-color=\"\" data-bg=\"#183e7a\" data-hover-bg=\"#6ca9f2\" data-border-hover=\"\" data-shadow-hover=\"\" data-shadow-click=\"none\" data-shadow=\"\" data-shd-shadow=\"\"  data-ultimate-target='#ubtn-2549'  data-responsive-json-new='{\"font-size\":\"\",\"line-height\":\"\"}'  style=\"font-family:&#039;Roboto&#039;;font-weight:500;width:150px;min-height:40px;padding:px px;border-radius:20px;border-width:1px;border-color:;border-style:solid;background: #183e7a;color: #ffffff;\"><span class=\"ubtn-hover\" style=\"background-color:#6ca9f2\"><\/span><span class=\"ubtn-data ubtn-text \" >Projektbeispiel<\/span><\/button><\/a><\/div>[\/vc_column][\/vc_row]<\/p>\n","protected":false},"excerpt":{"rendered":"<p>[vc_row][vc_column offset=&#8221;vc_hidden-sm vc_hidden-xs&#8221;][vc_raw_html]JTVCcmV2X3NsaWRlciUyMGFsaWFzJTNEJTIydGhlNy1zb2Z0d2FyZS1jb21wYW55LXNsaWRlcjUlMjIlNUQlNUIlMkZyZXZfc2xpZGVyJTVE[\/vc_raw_html][\/vc_column][\/vc_row][vc_row][vc_column offset=&#8221;vc_hidden-lg vc_hidden-md&#8221;][vc_raw_html]JTVCcmV2X3NsaWRlciUyMGFsaWFzJTNEJTIyc2xpZGVyLXN0YXItbW9iaWwlMjIlNUQ=[\/vc_raw_html][\/vc_column][\/vc_row][vc_row css=&#8221;.vc_custom_1581006938755{margin-top: 30px !important;background-color: #f4f4f4 !important;background-position: center !important;background-repeat: no-repeat !important;background-size: cover !important;}&#8221; el_class=&#8221;box_size_3&#8243;][vc_column][vc_column_text el_class=&#8221;text_mobil&#8221;]Seit mehr als 15 Jahren bieten wir unseren Kunden den neutralen und konzeptionell strategischen Blick von au\u00dfen. Bei Bedarf k\u00f6nnen wir auch zu einem Teammitglied auf Zeit werden, um die vorgeschlagenen L\u00f6sungen umzusetzen. Zu unseren Kunden z\u00e4hlen sowohl&hellip;<\/p>\n","protected":false},"author":8,"featured_media":0,"parent":0,"menu_order":20,"comment_status":"closed","ping_status":"closed","template":"","meta":{"inline_featured_image":false},"aioseo_notices":[],"_links":{"self":[{"href":"https:\/\/www.delphinco.com\/index.php?rest_route=\/wp\/v2\/pages\/2241"}],"collection":[{"href":"https:\/\/www.delphinco.com\/index.php?rest_route=\/wp\/v2\/pages"}],"about":[{"href":"https:\/\/www.delphinco.com\/index.php?rest_route=\/wp\/v2\/types\/page"}],"author":[{"embeddable":true,"href":"https:\/\/www.delphinco.com\/index.php?rest_route=\/wp\/v2\/users\/8"}],"replies":[{"embeddable":true,"href":"https:\/\/www.delphinco.com\/index.php?rest_route=%2Fwp%2Fv2%2Fcomments&post=2241"}],"version-history":[{"count":353,"href":"https:\/\/www.delphinco.com\/index.php?rest_route=\/wp\/v2\/pages\/2241\/revisions"}],"predecessor-version":[{"id":6295,"href":"https:\/\/www.delphinco.com\/index.php?rest_route=\/wp\/v2\/pages\/2241\/revisions\/6295"}],"wp:attachment":[{"href":"https:\/\/www.delphinco.com\/index.php?rest_route=%2Fwp%2Fv2%2Fmedia&parent=2241"}],"curies":[{"name":"wp","href":"https:\/\/api.w.org\/{rel}","templated":true}]}}